{"id":4055,"date":"2024-05-07T07:44:08","date_gmt":"2024-05-07T07:44:08","guid":{"rendered":"https:\/\/padellodge.de\/reservation\/"},"modified":"2024-12-06T05:26:44","modified_gmt":"2024-12-06T05:26:44","slug":"reservation","status":"publish","type":"page","link":"https:\/\/padellodge.de\/fr\/reservation\/","title":{"rendered":"R\u00e9servation"},"content":{"rendered":"\t\t<div data-elementor-type=\"wp-page\" data-elementor-id=\"4055\" class=\"elementor elementor-4055 elementor-1677\" data-elementor-post-type=\"page\">\n\t\t\t\t<div class=\"elementor-element elementor-element-ac1f71c e-flex e-con-boxed e-con e-parent\" data-id=\"ac1f71c\" data-element_type=\"container\">\n\t\t\t\t\t<div class=\"e-con-inner\">\n\t\t\t\t<div class=\"elementor-element elementor-element-f54e1ce elementor-widget elementor-widget-heading\" data-id=\"f54e1ce\" data-element_type=\"widget\" data-widget_type=\"heading.default\">\n\t\t\t\t<div class=\"elementor-widget-container\">\n\t\t\t<style>\/*! elementor - v3.21.0 - 26-05-2024 *\/\n.elementor-heading-title{padding:0;margin:0;line-height:1}.elementor-widget-heading .elementor-heading-title[class*=elementor-size-]>a{color:inherit;font-size:inherit;line-height:inherit}.elementor-widget-heading .elementor-heading-title.elementor-size-small{font-size:15px}.elementor-widget-heading .elementor-heading-title.elementor-size-medium{font-size:19px}.elementor-widget-heading .elementor-heading-title.elementor-size-large{font-size:29px}.elementor-widget-heading .elementor-heading-title.elementor-size-xl{font-size:39px}.elementor-widget-heading .elementor-heading-title.elementor-size-xxl{font-size:59px}<\/style><h2 class=\"elementor-heading-title elementor-size-default\">R\u00e9servation de bungalows<\/h2>\t\t<\/div>\n\t\t\t\t<\/div>\n\t\t\t\t<div class=\"elementor-element elementor-element-dbe5e58 elementor-widget elementor-widget-text-editor\" data-id=\"dbe5e58\" data-element_type=\"widget\" data-widget_type=\"text-editor.default\">\n\t\t\t\t<div class=\"elementor-widget-container\">\n\t\t\t<style>\/*! elementor - v3.21.0 - 26-05-2024 *\/\n.elementor-widget-text-editor.elementor-drop-cap-view-stacked .elementor-drop-cap{background-color:#69727d;color:#fff}.elementor-widget-text-editor.elementor-drop-cap-view-framed .elementor-drop-cap{color:#69727d;border:3px solid;background-color:transparent}.elementor-widget-text-editor:not(.elementor-drop-cap-view-default) .elementor-drop-cap{margin-top:8px}.elementor-widget-text-editor:not(.elementor-drop-cap-view-default) .elementor-drop-cap-letter{width:1em;height:1em}.elementor-widget-text-editor .elementor-drop-cap{float:left;text-align:center;line-height:1;font-size:50px}.elementor-widget-text-editor .elementor-drop-cap-letter{display:inline-block}<\/style>\t\t\t\t<p>S\u00e9lectionnez vos dates et choisissez votre h\u00e9bergement<\/p>\n\t\t\t\t\t\t<\/div>\n\t\t\t\t<\/div>\n\t\t\t\t<div class=\"elementor-element elementor-element-9de4967 elementor-widget elementor-widget-html\" data-id=\"9de4967\" data-element_type=\"widget\" data-widget_type=\"html.default\">\n\t\t\t\t<div class=\"elementor-widget-container\">\n\t\t\t<style>\n:root {\n  --ldg-psb-background: #20786f;\n  --ldg-psb-border-radius: 0.42em;\n  --ldg-psb-box-shadow: 0px 24px 54px 0px rgba(0, 0, 0, 0.1);\n  --ldg-psb-padding: 16px;\n  --ldg-psb-input-background: #20786f;\n  --ldg-psb-button-border-radius: 3.58em;\n  --ldg-psb-color-primary: #20786f;\n  --ldg-psb-color-primary-lighter:#90bcb7;\n  --ldg-psb-color-primary-darker: #103c38;\n  --ldg-psb-color-primary-contrast: #ffffff;\n  --ldg-semantic-color-primary:  #20786f;\n  --ldg-semantic-color-primary-lighter: #90bcb7;\n  --ldg-semantic-color-primary-darker: #103c38;\n  --ldg-semantic-color-primary-contrast: #ffffff;\n}\n#lodgify-search-bar { \n  position: relative;\n  z-index: 999999;\n  width:100%;\n}\n<\/style>\n<div id=\"lodgify-search-bar\" data-website-id=\"515841\" data-language-code=\"en\" data-search-page-url=\"https:\/\/booking.padellodge.de\/en\/all-properties\" data-dates-check-in-label=\"Arrival\" data-dates-check-out-label=\"Departure\" data-guests-counter-label=\"Guests\" data-guests-input-singular-label=\"{&lt;wpml_curved wpml_value='NumberOfGuests'&gt;&lt;\/wpml_curved&gt;} guest\" data-guests-input-plural-label=\"{&lt;wpml_curved wpml_value='NumberOfGuests'&gt;&lt;\/wpml_curved&gt;} guests\" data-location-input-label=\"Location\" data-search-button-label=\"Search\" data-new-tab=\"true\" data-version=\"stable\"><\/div>\n<script src=\"https:\/\/app.lodgify.com\/portable-search-bar\/stable\/renderPortableSearchBar.js\"><\/script>\t\t<\/div>\n\t\t\t\t<\/div>\n\t\t\t\t\t<\/div>\n\t\t\t\t<\/div>\n\t\t\t\t<\/div>\n\t\t","protected":false},"excerpt":{"rendered":"<p>R\u00e9servation de bungalows S\u00e9lectionnez vos dates et choisissez votre h\u00e9bergement<\/p>\n","protected":false},"author":3,"featured_media":0,"parent":0,"menu_order":0,"comment_status":"closed","ping_status":"closed","template":"elementor_header_footer","meta":{"footnotes":""},"class_list":["post-4055","page","type-page","status-publish","hentry"],"yoast_head":"<!-- This site is optimized with the Yoast SEO plugin v22.8 - https:\/\/yoast.com\/wordpress\/plugins\/seo\/ -->\n<title>R\u00e9servation | Padellodge Koh Chang<\/title>\n<meta name=\"robots\" content=\"index, follow, max-snippet:-1, max-image-preview:large, max-video-preview:-1\" \/>\n<link rel=\"canonical\" href=\"https:\/\/padellodge.de\/fr\/reservation\/\" \/>\n<meta property=\"og:locale\" content=\"fr_FR\" \/>\n<meta property=\"og:type\" content=\"article\" \/>\n<meta property=\"og:title\" content=\"R\u00e9servation | Padellodge Koh Chang\" \/>\n<meta property=\"og:description\" content=\"R\u00e9servation de bungalows S\u00e9lectionnez vos dates et choisissez votre h\u00e9bergement\" \/>\n<meta property=\"og:url\" content=\"https:\/\/padellodge.de\/fr\/reservation\/\" \/>\n<meta property=\"og:site_name\" content=\"Padellodge Koh Chang\" \/>\n<meta property=\"article:modified_time\" content=\"2024-12-06T05:26:44+00:00\" \/>\n<meta name=\"twitter:card\" content=\"summary_large_image\" \/>\n<script type=\"application\/ld+json\" class=\"yoast-schema-graph\">{\"@context\":\"https:\/\/schema.org\",\"@graph\":[{\"@type\":\"WebPage\",\"@id\":\"https:\/\/padellodge.de\/fr\/reservation\/\",\"url\":\"https:\/\/padellodge.de\/fr\/reservation\/\",\"name\":\"R\u00e9servation | Padellodge Koh Chang\",\"isPartOf\":{\"@id\":\"https:\/\/padellodge.de\/#website\"},\"datePublished\":\"2024-05-07T07:44:08+00:00\",\"dateModified\":\"2024-12-06T05:26:44+00:00\",\"breadcrumb\":{\"@id\":\"https:\/\/padellodge.de\/fr\/reservation\/#breadcrumb\"},\"inLanguage\":\"fr-FR\",\"potentialAction\":[{\"@type\":\"ReadAction\",\"target\":[\"https:\/\/padellodge.de\/fr\/reservation\/\"]}]},{\"@type\":\"BreadcrumbList\",\"@id\":\"https:\/\/padellodge.de\/fr\/reservation\/#breadcrumb\",\"itemListElement\":[{\"@type\":\"ListItem\",\"position\":1,\"name\":\"Home\",\"item\":\"https:\/\/padellodge.de\/fr\/accueil\/\"},{\"@type\":\"ListItem\",\"position\":2,\"name\":\"R\u00e9servation\"}]},{\"@type\":\"WebSite\",\"@id\":\"https:\/\/padellodge.de\/#website\",\"url\":\"https:\/\/padellodge.de\/\",\"name\":\"Padel Lodge Koh Chang\",\"description\":\"Resort &amp; Padel\",\"publisher\":{\"@id\":\"https:\/\/padellodge.de\/#organization\"},\"potentialAction\":[{\"@type\":\"SearchAction\",\"target\":{\"@type\":\"EntryPoint\",\"urlTemplate\":\"https:\/\/padellodge.de\/?s={search_term_string}\"},\"query-input\":\"required name=search_term_string\"}],\"inLanguage\":\"fr-FR\"},{\"@type\":\"Organization\",\"@id\":\"https:\/\/padellodge.de\/#organization\",\"name\":\"Padel Lodge Koh Chang\",\"url\":\"https:\/\/padellodge.de\/\",\"logo\":{\"@type\":\"ImageObject\",\"inLanguage\":\"fr-FR\",\"@id\":\"https:\/\/padellodge.de\/#\/schema\/logo\/image\/\",\"url\":\"https:\/\/padellodge.de\/wp-content\/uploads\/2024\/04\/cropped-padel-lodge-logo-png-5b.png\",\"contentUrl\":\"https:\/\/padellodge.de\/wp-content\/uploads\/2024\/04\/cropped-padel-lodge-logo-png-5b.png\",\"width\":2560,\"height\":691,\"caption\":\"Padel Lodge Koh Chang\"},\"image\":{\"@id\":\"https:\/\/padellodge.de\/#\/schema\/logo\/image\/\"}}]}<\/script>\n<!-- \/ Yoast SEO plugin. -->","yoast_head_json":{"title":"R\u00e9servation | Padellodge Koh Chang","robots":{"index":"index","follow":"follow","max-snippet":"max-snippet:-1","max-image-preview":"max-image-preview:large","max-video-preview":"max-video-preview:-1"},"canonical":"https:\/\/padellodge.de\/fr\/reservation\/","og_locale":"fr_FR","og_type":"article","og_title":"R\u00e9servation | Padellodge Koh Chang","og_description":"R\u00e9servation de bungalows S\u00e9lectionnez vos dates et choisissez votre h\u00e9bergement","og_url":"https:\/\/padellodge.de\/fr\/reservation\/","og_site_name":"Padellodge Koh Chang","article_modified_time":"2024-12-06T05:26:44+00:00","twitter_card":"summary_large_image","schema":{"@context":"https:\/\/schema.org","@graph":[{"@type":"WebPage","@id":"https:\/\/padellodge.de\/fr\/reservation\/","url":"https:\/\/padellodge.de\/fr\/reservation\/","name":"R\u00e9servation | Padellodge Koh Chang","isPartOf":{"@id":"https:\/\/padellodge.de\/#website"},"datePublished":"2024-05-07T07:44:08+00:00","dateModified":"2024-12-06T05:26:44+00:00","breadcrumb":{"@id":"https:\/\/padellodge.de\/fr\/reservation\/#breadcrumb"},"inLanguage":"fr-FR","potentialAction":[{"@type":"ReadAction","target":["https:\/\/padellodge.de\/fr\/reservation\/"]}]},{"@type":"BreadcrumbList","@id":"https:\/\/padellodge.de\/fr\/reservation\/#breadcrumb","itemListElement":[{"@type":"ListItem","position":1,"name":"Home","item":"https:\/\/padellodge.de\/fr\/accueil\/"},{"@type":"ListItem","position":2,"name":"R\u00e9servation"}]},{"@type":"WebSite","@id":"https:\/\/padellodge.de\/#website","url":"https:\/\/padellodge.de\/","name":"Padel Lodge Koh Chang","description":"Resort &amp; Padel","publisher":{"@id":"https:\/\/padellodge.de\/#organization"},"potentialAction":[{"@type":"SearchAction","target":{"@type":"EntryPoint","urlTemplate":"https:\/\/padellodge.de\/?s={search_term_string}"},"query-input":"required name=search_term_string"}],"inLanguage":"fr-FR"},{"@type":"Organization","@id":"https:\/\/padellodge.de\/#organization","name":"Padel Lodge Koh Chang","url":"https:\/\/padellodge.de\/","logo":{"@type":"ImageObject","inLanguage":"fr-FR","@id":"https:\/\/padellodge.de\/#\/schema\/logo\/image\/","url":"https:\/\/padellodge.de\/wp-content\/uploads\/2024\/04\/cropped-padel-lodge-logo-png-5b.png","contentUrl":"https:\/\/padellodge.de\/wp-content\/uploads\/2024\/04\/cropped-padel-lodge-logo-png-5b.png","width":2560,"height":691,"caption":"Padel Lodge Koh Chang"},"image":{"@id":"https:\/\/padellodge.de\/#\/schema\/logo\/image\/"}}]}},"_links":{"self":[{"href":"https:\/\/padellodge.de\/fr\/wp-json\/wp\/v2\/pages\/4055","targetHints":{"allow":["GET"]}}],"collection":[{"href":"https:\/\/padellodge.de\/fr\/wp-json\/wp\/v2\/pages"}],"about":[{"href":"https:\/\/padellodge.de\/fr\/wp-json\/wp\/v2\/types\/page"}],"author":[{"embeddable":true,"href":"https:\/\/padellodge.de\/fr\/wp-json\/wp\/v2\/users\/3"}],"replies":[{"embeddable":true,"href":"https:\/\/padellodge.de\/fr\/wp-json\/wp\/v2\/comments?post=4055"}],"version-history":[{"count":4,"href":"https:\/\/padellodge.de\/fr\/wp-json\/wp\/v2\/pages\/4055\/revisions"}],"predecessor-version":[{"id":4465,"href":"https:\/\/padellodge.de\/fr\/wp-json\/wp\/v2\/pages\/4055\/revisions\/4465"}],"wp:attachment":[{"href":"https:\/\/padellodge.de\/fr\/wp-json\/wp\/v2\/media?parent=4055"}],"curies":[{"name":"wp","href":"https:\/\/api.w.org\/{rel}","templated":true}]}}